{"id":117,"date":"2019-01-09T21:35:27","date_gmt":"2019-01-09T20:35:27","guid":{"rendered":"https:\/\/www.jakovski.de\/?page_id=117"},"modified":"2021-04-16T20:10:20","modified_gmt":"2021-04-16T18:10:20","slug":"leistungen","status":"publish","type":"page","link":"https:\/\/www.jakovski.de\/?page_id=117","title":{"rendered":"Leistungen"},"content":{"rendered":"\t\t<div data-elementor-type=\"wp-page\" data-elementor-id=\"117\" class=\"elementor elementor-117\">\n\t\t\t\t\t\t<section class=\"elementor-section elementor-top-section elementor-element elementor-element-08f5e15 elementor-section-boxed elementor-section-height-default elementor-section-height-default\" data-id=\"08f5e15\" data-element_type=\"section\" data-e-type=\"section\">\n\t\t\t\t\t\t<div class=\"elementor-container elementor-column-gap-default\">\n\t\t\t\t\t<div class=\"elementor-column elementor-col-100 elementor-top-column elementor-element elementor-element-f6f769d\" data-id=\"f6f769d\" data-element_type=\"column\" data-e-type=\"column\">\n\t\t\t<div class=\"elementor-widget-wrap elementor-element-populated\">\n\t\t\t\t\t\t<div class=\"elementor-element elementor-element-91dacc3 elementor-widget elementor-widget-text-editor\" data-id=\"91dacc3\" data-element_type=\"widget\" data-e-type=\"widget\" data-widget_type=\"text-editor.default\">\n\t\t\t\t<div class=\"elementor-widget-container\">\n\t\t\t\t\t\t\t\t\t<h4>Leistungen<\/h4>\n<p>Ich plane mit Ihnen zusammen die notwendigen Ger\u00e4te und Leistungen damit Ihr Abend ein voller Erfolg wird.<\/p>\n<p>Die Licht und Tonanlage wird von mir anhand der Raumgr\u00f6\u00dfe und an die Gegebenheiten Ihrer Location angepasst.<\/p>\n<p>Wir besprechen die Musikauswahl und M\u00f6glichkeiten damit Sie und Ihre G\u00e4ste ein unvergessliches Fest feiern k\u00f6nnen.<\/p>\n<p>Bitte nehmen Sie hierzu <a href=\"https:\/\/www.jakovski.de\/?page_id=133\">Kontakt<\/a> mit mir auf.<\/p>\t\t\t\t\t\t\t\t<\/div>\n\t\t\t\t<\/div>\n\t\t\t\t\t<\/div>\n\t\t<\/div>\n\t\t\t\t\t<\/div>\n\t\t<\/section>\n\t\t\t\t<\/div>\n\t\t","protected":false},"excerpt":{"rendered":"<p>Leistungen Ich plane mit Ihnen zusammen die notwendigen Ger\u00e4te und Leistungen damit Ihr Abend ein voller Erfolg wird. Die Licht und Tonanlage wird von mir anhand der Raumgr\u00f6\u00dfe und an die Gegebenheiten Ihrer Location angepasst. Wir besprechen die Musikauswahl und M\u00f6glichkeiten damit Sie und Ihre G\u00e4ste ein unvergessliches Fest feiern&#8230;<\/p>\n","protected":false},"author":1,"featured_media":0,"parent":0,"menu_order":0,"comment_status":"closed","ping_status":"closed","template":"","meta":{"footnotes":""},"class_list":["post-117","page","type-page","status-publish","hentry"],"aioseo_notices":[],"_links":{"self":[{"href":"https:\/\/www.jakovski.de\/index.php?rest_route=\/wp\/v2\/pages\/117","targetHints":{"allow":["GET"]}}],"collection":[{"href":"https:\/\/www.jakovski.de\/index.php?rest_route=\/wp\/v2\/pages"}],"about":[{"href":"https:\/\/www.jakovski.de\/index.php?rest_route=\/wp\/v2\/types\/page"}],"author":[{"embeddable":true,"href":"https:\/\/www.jakovski.de\/index.php?rest_route=\/wp\/v2\/users\/1"}],"replies":[{"embeddable":true,"href":"https:\/\/www.jakovski.de\/index.php?rest_route=%2Fwp%2Fv2%2Fcomments&post=117"}],"version-history":[{"count":19,"href":"https:\/\/www.jakovski.de\/index.php?rest_route=\/wp\/v2\/pages\/117\/revisions"}],"predecessor-version":[{"id":624,"href":"https:\/\/www.jakovski.de\/index.php?rest_route=\/wp\/v2\/pages\/117\/revisions\/624"}],"wp:attachment":[{"href":"https:\/\/www.jakovski.de\/index.php?rest_route=%2Fwp%2Fv2%2Fmedia&parent=117"}],"curies":[{"name":"wp","href":"https:\/\/api.w.org\/{rel}","templated":true}]}}