{"id":97,"date":"2017-09-01T11:16:14","date_gmt":"2017-09-01T09:16:14","guid":{"rendered":"http:\/\/www.jakovski.de\/?page_id=97"},"modified":"2021-06-01T21:57:34","modified_gmt":"2021-06-01T19:57:34","slug":"home","status":"publish","type":"page","link":"https:\/\/www.jakovski.de\/","title":{"rendered":"\u00dcber mich"},"content":{"rendered":"<p><\/p>\n\n\n<\/p>\n<figure><img decoding=\"async\" src=\"https:\/\/www.jakovski.de\/wp-content\/uploads\/2017\/08\/header3-1024x512.jpg\" alt=\"\" \/><\/figure>\n<p>\n\n\n<p><\/p>\n<p>Ich begleite seit fast 30 Jahren unz\u00e4hlige Hochzeiten, Geburtstagsfeiern und Tanzveranstaltungen jeder Art.<br>Nicht weil es ein Job ist sondern aus Liebe zur Musik und dem Spa\u00df daran als DJ das Publikum zu unterhalten.<\/p>\n<p>Der Moment wenn man das Strahlen in den Gesichtern der G\u00e4ste sieht ist immer auf\u2019s Neue ein H\u00f6hepunkt einer jeden Veranstaltung.<br>Da ich selber viele Jahre klassisch getanzt habe (Standard, Latein) verf\u00fcge ich \u00fcber eine sehr gro\u00dfe Auswahl an Tanzmusik aber auch jede Menge aktueller Lieder. Die ausgewogene Mischung macht es am Ende aus, dass Jung und Alt gleicherma\u00dfen Spa\u00df an Ihrem Fest haben.<\/p>\n<p>In einem Vorgespr\u00e4ch stelle ich gemeinsam mit Ihnen den f\u00fcr Sie passenden Ablauf zusammen und treffe die Auswahl der Musikrichungen, Spiele und (sofern gew\u00fcnscht) Moderationsbeitr\u00e4gen so das Ihr sch\u00f6nster Tag zu einem unvergesslichen Erlebnis wird.<\/p>\n<p>\t\t\t\t\t\t\t\t\t\t\t\t\t\t\t\t<a href=\"https:\/\/www.jakovski.de\/wp-content\/uploads\/2021\/04\/Jakovski_Veranstaltungsservice.vcf\"><br>\n\t\t\t\t\t\t\t<img loading=\"lazy\" decoding=\"async\" src=\"https:\/\/www.jakovski.de\/wp-content\/uploads\/2021\/04\/qr-pBUFuJ-279x300.png\" alt=\"\" loading=\"lazy\" srcset=\"https:\/\/www.jakovski.de\/wp-content\/uploads\/2021\/04\/qr-pBUFuJ-279x300.png 279w, https:\/\/www.jakovski.de\/wp-content\/uploads\/2021\/04\/qr-pBUFuJ.png 320w\" sizes=\"auto, (max-width: 279px) 100vw, 279px\" width=\"279\" height=\"300\">\t\t\t\t\t\t\t\t<\/a><\/p>","protected":false},"excerpt":{"rendered":"<p>Ich begleite seit fast 30 Jahren unz\u00e4hlige Hochzeiten, Geburtstagsfeiern und Tanzveranstaltungen jeder Art.Nicht weil es ein Job ist sondern aus Liebe zur Musik und dem Spa\u00df daran als DJ das Publikum zu unterhalten. Der Moment wenn man das Strahlen in den Gesichtern der G\u00e4ste sieht ist immer auf\u2019s Neue ein&#8230;<\/p>\n","protected":false},"author":1,"featured_media":0,"parent":0,"menu_order":0,"comment_status":"closed","ping_status":"closed","template":"","meta":{"footnotes":""},"class_list":["post-97","page","type-page","status-publish","hentry"],"aioseo_notices":[],"_links":{"self":[{"href":"https:\/\/www.jakovski.de\/index.php?rest_route=\/wp\/v2\/pages\/97","targetHints":{"allow":["GET"]}}],"collection":[{"href":"https:\/\/www.jakovski.de\/index.php?rest_route=\/wp\/v2\/pages"}],"about":[{"href":"https:\/\/www.jakovski.de\/index.php?rest_route=\/wp\/v2\/types\/page"}],"author":[{"embeddable":true,"href":"https:\/\/www.jakovski.de\/index.php?rest_route=\/wp\/v2\/users\/1"}],"replies":[{"embeddable":true,"href":"https:\/\/www.jakovski.de\/index.php?rest_route=%2Fwp%2Fv2%2Fcomments&post=97"}],"version-history":[{"count":53,"href":"https:\/\/www.jakovski.de\/index.php?rest_route=\/wp\/v2\/pages\/97\/revisions"}],"predecessor-version":[{"id":705,"href":"https:\/\/www.jakovski.de\/index.php?rest_route=\/wp\/v2\/pages\/97\/revisions\/705"}],"wp:attachment":[{"href":"https:\/\/www.jakovski.de\/index.php?rest_route=%2Fwp%2Fv2%2Fmedia&parent=97"}],"curies":[{"name":"wp","href":"https:\/\/api.w.org\/{rel}","templated":true}]}}